{"id":2504,"date":"2021-10-13T06:13:19","date_gmt":"2021-10-13T06:13:19","guid":{"rendered":"https:\/\/erconsult.eu\/?page_id=2504"},"modified":"2026-01-28T19:31:45","modified_gmt":"2026-01-28T18:31:45","slug":"ueber-uns","status":"publish","type":"page","link":"https:\/\/erconsult.eu\/de\/ueber-uns\/","title":{"rendered":"Uber Uns"},"content":{"rendered":"\t\t<div data-elementor-type=\"wp-page\" data-elementor-id=\"2504\" class=\"elementor elementor-2504\" data-elementor-post-type=\"page\">\n\t\t\t\t\t\t<section class=\"elementor-section elementor-top-section elementor-element elementor-element-1e18033 elementor-section-height-min-height elementor-section-boxed elementor-section-height-default elementor-section-items-middle\" data-id=\"1e18033\" data-element_type=\"section\" data-e-type=\"section\" data-settings=\"{&quot;background_background&quot;:&quot;classic&quot;}\">\n\t\t\t\t\t\t\t<div class=\"elementor-background-overlay\"><\/div>\n\t\t\t\t\t\t\t<div class=\"elementor-container elementor-column-gap-default\">\n\t\t\t\t\t<div class=\"elementor-column elementor-col-100 elementor-top-column elementor-element elementor-element-e72a285\" data-id=\"e72a285\" data-element_type=\"column\" data-e-type=\"column\">\n\t\t\t<div class=\"elementor-widget-wrap elementor-element-populated\">\n\t\t\t\t\t\t<div class=\"elementor-element elementor-element-3de0fbd elementor-widget elementor-widget-heading\" data-id=\"3de0fbd\" data-element_type=\"widget\" data-e-type=\"widget\" data-widget_type=\"heading.default\">\n\t\t\t\t<div class=\"elementor-widget-container\">\n\t\t\t\t\t<h1 class=\"elementor-heading-title elementor-size-default\">Wer wir sind<\/h1>\t\t\t\t<\/div>\n\t\t\t\t<\/div>\n\t\t\t\t<div class=\"elementor-element elementor-element-99b951f elementor-widget-divider--view-line elementor-widget elementor-widget-divider\" data-id=\"99b951f\" data-element_type=\"widget\" data-e-type=\"widget\" data-widget_type=\"divider.default\">\n\t\t\t\t<div class=\"elementor-widget-container\">\n\t\t\t\t\t\t\t<div class=\"elementor-divider\">\n\t\t\t<span class=\"elementor-divider-separator\">\n\t\t\t\t\t\t<\/span>\n\t\t<\/div>\n\t\t\t\t\t\t<\/div>\n\t\t\t\t<\/div>\n\t\t\t\t<div class=\"elementor-element elementor-element-a055a1f elementor-widget elementor-widget-menu-anchor\" data-id=\"a055a1f\" data-element_type=\"widget\" data-e-type=\"widget\" data-widget_type=\"menu-anchor.default\">\n\t\t\t\t<div class=\"elementor-widget-container\">\n\t\t\t\t\t\t\t<div class=\"elementor-menu-anchor\" id=\"wer-wir-sind\"><\/div>\n\t\t\t\t\t\t<\/div>\n\t\t\t\t<\/div>\n\t\t\t\t\t<\/div>\n\t\t<\/div>\n\t\t\t\t\t<\/div>\n\t\t<\/section>\n\t\t\t\t<section class=\"elementor-section elementor-top-section elementor-element elementor-element-a40a57c elementor-section-boxed elementor-section-height-default elementor-section-height-default\" data-id=\"a40a57c\" data-element_type=\"section\" data-e-type=\"section\">\n\t\t\t\t\t\t<div class=\"elementor-container elementor-column-gap-default\">\n\t\t\t\t\t<div class=\"elementor-column elementor-col-50 elementor-top-column elementor-element elementor-element-1812c61\" data-id=\"1812c61\" data-element_type=\"column\" data-e-type=\"column\" data-settings=\"{&quot;background_background&quot;:&quot;classic&quot;}\">\n\t\t\t<div class=\"elementor-widget-wrap elementor-element-populated\">\n\t\t\t\t\t\t<div class=\"elementor-element elementor-element-fdea73f elementor-widget elementor-widget-heading\" data-id=\"fdea73f\" data-element_type=\"widget\" data-e-type=\"widget\" data-widget_type=\"heading.default\">\n\t\t\t\t<div class=\"elementor-widget-container\">\n\t\t\t\t\t<h2 class=\"elementor-heading-title elementor-size-default\">Eugen<\/h2>\t\t\t\t<\/div>\n\t\t\t\t<\/div>\n\t\t\t\t<div class=\"elementor-element elementor-element-1a416b3 elementor-widget-divider--view-line elementor-widget elementor-widget-divider\" data-id=\"1a416b3\" data-element_type=\"widget\" data-e-type=\"widget\" data-widget_type=\"divider.default\">\n\t\t\t\t<div class=\"elementor-widget-container\">\n\t\t\t\t\t\t\t<div class=\"elementor-divider\">\n\t\t\t<span class=\"elementor-divider-separator\">\n\t\t\t\t\t\t<\/span>\n\t\t<\/div>\n\t\t\t\t\t\t<\/div>\n\t\t\t\t<\/div>\n\t\t\t\t<div class=\"elementor-element elementor-element-f00e90c elementor-widget elementor-widget-text-editor\" data-id=\"f00e90c\" data-element_type=\"widget\" data-e-type=\"widget\" data-widget_type=\"text-editor.default\">\n\t\t\t\t<div class=\"elementor-widget-container\">\n\t\t\t\t\t\t\t\t\t<p>Ich verf\u00fcge \u00fcber 20-j\u00e4hrige Erfahrung im Umfeld der ERP-Systeme als Solution Architekt, Presales- und Implementierungsberater, Anwendungsentwickler. Seit 9 Jahren arbeite ich exklusiv mit dem cloudbasierenten System <strong>Dynamics 365 for Finance and SCM v. 7-8-10<\/strong>, automatisiere Gesch\u00e4ftsabl\u00e4ufe in der Projektverwaltung und -Verrechnung, in der Produktion und Lagerverwaltung.<\/p><p>Meine Spezialit\u00e4t sind \u201enichtinvasive\u201c ERP-Einf\u00fchrungen mit einem Minimum an Programanpassungen. Nicht zuletzt meine technische Expertise in Erweiterung von D365, in der Entwicklung von mobilen Anwendungen f\u00fcr das Lagerhaus und Produktion, in Dynamics Electronic Reporting und der Datenmigration sorgt f\u00fcr die gro\u00dfe Nachfrage nach meinen Dienstleistungen in \u00d6sterreich, Deutschland, Frankreich, D\u00e4nemark, Italien, Tschechien und den USA.<\/p>\t\t\t\t\t\t\t\t<\/div>\n\t\t\t\t<\/div>\n\t\t\t\t\t<\/div>\n\t\t<\/div>\n\t\t\t\t<div class=\"elementor-column elementor-col-50 elementor-top-column elementor-element elementor-element-e32a74c\" data-id=\"e32a74c\" data-element_type=\"column\" data-e-type=\"column\" data-settings=\"{&quot;background_background&quot;:&quot;classic&quot;}\">\n\t\t\t<div class=\"elementor-widget-wrap elementor-element-populated\">\n\t\t\t\t\t\t<div class=\"elementor-element elementor-element-296dff9 elementor-widget elementor-widget-image\" data-id=\"296dff9\" data-element_type=\"widget\" data-e-type=\"widget\" data-widget_type=\"image.default\">\n\t\t\t\t<div class=\"elementor-widget-container\">\n\t\t\t\t\t\t\t\t\t\t\t\t\t\t\t<img fetchpriority=\"high\" decoding=\"async\" width=\"1024\" height=\"768\" src=\"https:\/\/erconsult.eu\/wp-content\/uploads\/2021\/10\/Glasow_front-1024x768.jpg\" class=\"attachment-large size-large wp-image-2798\" alt=\"\" srcset=\"https:\/\/erconsult.eu\/wp-content\/uploads\/2021\/10\/Glasow_front-1024x768.jpg 1024w, https:\/\/erconsult.eu\/wp-content\/uploads\/2021\/10\/Glasow_front-300x225.jpg 300w, https:\/\/erconsult.eu\/wp-content\/uploads\/2021\/10\/Glasow_front-768x576.jpg 768w, https:\/\/erconsult.eu\/wp-content\/uploads\/2021\/10\/Glasow_front-1536x1153.jpg 1536w, https:\/\/erconsult.eu\/wp-content\/uploads\/2021\/10\/Glasow_front.jpg 1671w\" sizes=\"(max-width: 1024px) 100vw, 1024px\" \/>\t\t\t\t\t\t\t\t\t\t\t\t\t\t\t<\/div>\n\t\t\t\t<\/div>\n\t\t\t\t<div class=\"elementor-element elementor-element-026c47e elementor-widget elementor-widget-text-editor\" data-id=\"026c47e\" data-element_type=\"widget\" data-e-type=\"widget\" data-widget_type=\"text-editor.default\">\n\t\t\t\t<div class=\"elementor-widget-container\">\n\t\t\t\t\t\t\t\t\t<p>Deutsch<\/p>\n<p>English C1, Cambridge CAE<\/p>\n<p>Fran\u00e7ais B1+, DELF<\/p>\t\t\t\t\t\t\t\t<\/div>\n\t\t\t\t<\/div>\n\t\t\t\t\t<\/div>\n\t\t<\/div>\n\t\t\t\t\t<\/div>\n\t\t<\/section>\n\t\t\t\t<section class=\"elementor-section elementor-top-section elementor-element elementor-element-de2c482 elementor-reverse-mobile elementor-section-boxed elementor-section-height-default elementor-section-height-default\" data-id=\"de2c482\" data-element_type=\"section\" data-e-type=\"section\" data-settings=\"{&quot;background_background&quot;:&quot;classic&quot;}\">\n\t\t\t\t\t\t<div class=\"elementor-container elementor-column-gap-default\">\n\t\t\t\t\t<div class=\"elementor-column elementor-col-50 elementor-top-column elementor-element elementor-element-54de247\" data-id=\"54de247\" data-element_type=\"column\" data-e-type=\"column\" data-settings=\"{&quot;background_background&quot;:&quot;classic&quot;}\">\n\t\t\t<div class=\"elementor-widget-wrap elementor-element-populated\">\n\t\t\t\t\t\t<div class=\"elementor-element elementor-element-f563bc9 elementor-widget elementor-widget-image\" data-id=\"f563bc9\" data-element_type=\"widget\" data-e-type=\"widget\" data-widget_type=\"image.default\">\n\t\t\t\t<div class=\"elementor-widget-container\">\n\t\t\t\t\t\t\t\t\t\t\t\t\t\t\t<img decoding=\"async\" width=\"1024\" height=\"768\" src=\"https:\/\/erconsult.eu\/wp-content\/uploads\/2021\/10\/Starskaya_front-1024x768.jpg\" class=\"attachment-large size-large wp-image-2800\" alt=\"\" srcset=\"https:\/\/erconsult.eu\/wp-content\/uploads\/2021\/10\/Starskaya_front-1024x768.jpg 1024w, https:\/\/erconsult.eu\/wp-content\/uploads\/2021\/10\/Starskaya_front-300x225.jpg 300w, https:\/\/erconsult.eu\/wp-content\/uploads\/2021\/10\/Starskaya_front-768x576.jpg 768w, https:\/\/erconsult.eu\/wp-content\/uploads\/2021\/10\/Starskaya_front-1536x1153.jpg 1536w, https:\/\/erconsult.eu\/wp-content\/uploads\/2021\/10\/Starskaya_front.jpg 1671w\" sizes=\"(max-width: 1024px) 100vw, 1024px\" \/>\t\t\t\t\t\t\t\t\t\t\t\t\t\t\t<\/div>\n\t\t\t\t<\/div>\n\t\t\t\t<div class=\"elementor-element elementor-element-bde6003 elementor-widget elementor-widget-text-editor\" data-id=\"bde6003\" data-element_type=\"widget\" data-e-type=\"widget\" data-widget_type=\"text-editor.default\">\n\t\t\t\t<div class=\"elementor-widget-container\">\n\t\t\t\t\t\t\t\t\t<p>Deutsch<\/p><p>English C1<\/p><p>Fran\u00e7ais A1<\/p>\t\t\t\t\t\t\t\t<\/div>\n\t\t\t\t<\/div>\n\t\t\t\t\t<\/div>\n\t\t<\/div>\n\t\t\t\t<div class=\"elementor-column elementor-col-50 elementor-top-column elementor-element elementor-element-a6c1ed6\" data-id=\"a6c1ed6\" data-element_type=\"column\" data-e-type=\"column\" data-settings=\"{&quot;background_background&quot;:&quot;classic&quot;}\">\n\t\t\t<div class=\"elementor-widget-wrap elementor-element-populated\">\n\t\t\t\t\t\t<div class=\"elementor-element elementor-element-b648659 elementor-widget elementor-widget-heading\" data-id=\"b648659\" data-element_type=\"widget\" data-e-type=\"widget\" data-widget_type=\"heading.default\">\n\t\t\t\t<div class=\"elementor-widget-container\">\n\t\t\t\t\t<h2 class=\"elementor-heading-title elementor-size-default\">Margarita<\/h2>\t\t\t\t<\/div>\n\t\t\t\t<\/div>\n\t\t\t\t<div class=\"elementor-element elementor-element-8711eb2 elementor-widget-divider--view-line elementor-widget elementor-widget-divider\" data-id=\"8711eb2\" data-element_type=\"widget\" data-e-type=\"widget\" data-widget_type=\"divider.default\">\n\t\t\t\t<div class=\"elementor-widget-container\">\n\t\t\t\t\t\t\t<div class=\"elementor-divider\">\n\t\t\t<span class=\"elementor-divider-separator\">\n\t\t\t\t\t\t<\/span>\n\t\t<\/div>\n\t\t\t\t\t\t<\/div>\n\t\t\t\t<\/div>\n\t\t\t\t<div class=\"elementor-element elementor-element-ef85f3b elementor-widget elementor-widget-text-editor\" data-id=\"ef85f3b\" data-element_type=\"widget\" data-e-type=\"widget\" data-widget_type=\"text-editor.default\">\n\t\t\t\t<div class=\"elementor-widget-container\">\n\t\t\t\t\t\t\t\t\t<p>Meine Spezialisierung ist die Anwendungsberatung in FIBU und Logistik in Microsoft Dynamics 365 for Finance, aber auch die Datenmigration. Ich bringe 25 Jahre Erfahrung in der Informationstechnologie mit, die ich in Beratungs- und F\u00fchrungspositionen in West- und Osteuropa erworben habe. Dazu geh\u00f6rt das Projektmanagement bei der Einf\u00fchrung von Dynamics ERP-Systemen, sowie die Anwendungsberatung in AX2009, D365FO, EXACT und BAAN. \u00dcber 10 Jahre bin ich als Dynamics 365 Consultant mit den Schwerpunkten Finanzen und Konzernreporting t\u00e4tig.<\/p>\t\t\t\t\t\t\t\t<\/div>\n\t\t\t\t<\/div>\n\t\t\t\t<div class=\"elementor-element elementor-element-2d6437d elementor-widget elementor-widget-menu-anchor\" data-id=\"2d6437d\" data-element_type=\"widget\" data-e-type=\"widget\" data-widget_type=\"menu-anchor.default\">\n\t\t\t\t<div class=\"elementor-widget-container\">\n\t\t\t\t\t\t\t<div class=\"elementor-menu-anchor\" id=\"who-we-are-margarita\"><\/div>\n\t\t\t\t\t\t<\/div>\n\t\t\t\t<\/div>\n\t\t\t\t\t<\/div>\n\t\t<\/div>\n\t\t\t\t\t<\/div>\n\t\t<\/section>\n\t\t\t\t<\/div>\n\t\t","protected":false},"excerpt":{"rendered":"<p>Wer wir sind Eugen Ich verf\u00fcge \u00fcber 20-j\u00e4hrige Erfahrung im Umfeld der ERP-Systeme als Solution Architekt, Presales- und Implementierungsberater, Anwendungsentwickler. Seit 9 Jahren arbeite ich exklusiv mit dem cloudbasierenten System Dynamics 365 for Finance and SCM v. 7-8-10, automatisiere Gesch\u00e4ftsabl\u00e4ufe in der Projektverwaltung und -Verrechnung, in der Produktion und Lagerverwaltung. Meine [&hellip;]<\/p>\n","protected":false},"author":2,"featured_media":0,"parent":0,"menu_order":0,"comment_status":"closed","ping_status":"closed","template":"elementor_header_footer","meta":{"footnotes":""},"class_list":["post-2504","page","type-page","status-publish","hentry"],"yoast_head":"<!-- This site is optimized with the Yoast SEO plugin v27.4 - https:\/\/yoast.com\/product\/yoast-seo-wordpress\/ -->\n<title>Uber Uns - ER-Consult<\/title>\n<meta name=\"robots\" content=\"index, follow, max-snippet:-1, max-image-preview:large, max-video-preview:-1\" \/>\n<link rel=\"canonical\" href=\"https:\/\/erconsult.eu\/de\/ueber-uns\/\" \/>\n<meta property=\"og:locale\" content=\"de_DE\" \/>\n<meta property=\"og:type\" content=\"article\" \/>\n<meta property=\"og:title\" content=\"Uber Uns - ER-Consult\" \/>\n<meta property=\"og:description\" content=\"Wer wir sind Eugen Ich verf\u00fcge \u00fcber 20-j\u00e4hrige Erfahrung im Umfeld der ERP-Systeme als Solution Architekt, Presales- und Implementierungsberater, Anwendungsentwickler. Seit 9 Jahren arbeite ich exklusiv mit dem cloudbasierenten System Dynamics 365 for Finance and SCM v. 7-8-10, automatisiere Gesch\u00e4ftsabl\u00e4ufe in der Projektverwaltung und -Verrechnung, in der Produktion und Lagerverwaltung. Meine [&hellip;]\" \/>\n<meta property=\"og:url\" content=\"https:\/\/erconsult.eu\/de\/ueber-uns\/\" \/>\n<meta property=\"og:site_name\" content=\"ER-Consult\" \/>\n<meta property=\"article:modified_time\" content=\"2026-01-28T18:31:45+00:00\" \/>\n<meta property=\"og:image\" content=\"https:\/\/erconsult.eu\/wp-content\/uploads\/2021\/10\/Glasow_front.jpg\" \/>\n\t<meta property=\"og:image:width\" content=\"1671\" \/>\n\t<meta property=\"og:image:height\" content=\"1254\" \/>\n\t<meta property=\"og:image:type\" content=\"image\/jpeg\" \/>\n<meta name=\"twitter:card\" content=\"summary_large_image\" \/>\n<meta name=\"twitter:label1\" content=\"Gesch\u00e4tzte Lesezeit\" \/>\n\t<meta name=\"twitter:data1\" content=\"1\u00a0Minute\" \/>\n<script type=\"application\/ld+json\" class=\"yoast-schema-graph\">{\"@context\":\"https:\\\/\\\/schema.org\",\"@graph\":[{\"@type\":\"WebPage\",\"@id\":\"https:\\\/\\\/erconsult.eu\\\/de\\\/ueber-uns\\\/\",\"url\":\"https:\\\/\\\/erconsult.eu\\\/de\\\/ueber-uns\\\/\",\"name\":\"Uber Uns - ER-Consult\",\"isPartOf\":{\"@id\":\"https:\\\/\\\/erconsult.eu\\\/#website\"},\"primaryImageOfPage\":{\"@id\":\"https:\\\/\\\/erconsult.eu\\\/de\\\/ueber-uns\\\/#primaryimage\"},\"image\":{\"@id\":\"https:\\\/\\\/erconsult.eu\\\/de\\\/ueber-uns\\\/#primaryimage\"},\"thumbnailUrl\":\"https:\\\/\\\/erconsult.eu\\\/wp-content\\\/uploads\\\/2021\\\/10\\\/Glasow_front-1024x768.jpg\",\"datePublished\":\"2021-10-13T06:13:19+00:00\",\"dateModified\":\"2026-01-28T18:31:45+00:00\",\"breadcrumb\":{\"@id\":\"https:\\\/\\\/erconsult.eu\\\/de\\\/ueber-uns\\\/#breadcrumb\"},\"inLanguage\":\"de\",\"potentialAction\":[{\"@type\":\"ReadAction\",\"target\":[\"https:\\\/\\\/erconsult.eu\\\/de\\\/ueber-uns\\\/\"]}]},{\"@type\":\"ImageObject\",\"inLanguage\":\"de\",\"@id\":\"https:\\\/\\\/erconsult.eu\\\/de\\\/ueber-uns\\\/#primaryimage\",\"url\":\"https:\\\/\\\/erconsult.eu\\\/wp-content\\\/uploads\\\/2021\\\/10\\\/Glasow_front-1024x768.jpg\",\"contentUrl\":\"https:\\\/\\\/erconsult.eu\\\/wp-content\\\/uploads\\\/2021\\\/10\\\/Glasow_front-1024x768.jpg\"},{\"@type\":\"BreadcrumbList\",\"@id\":\"https:\\\/\\\/erconsult.eu\\\/de\\\/ueber-uns\\\/#breadcrumb\",\"itemListElement\":[{\"@type\":\"ListItem\",\"position\":1,\"name\":\"Home\",\"item\":\"https:\\\/\\\/erconsult.eu\\\/\"},{\"@type\":\"ListItem\",\"position\":2,\"name\":\"Uber Uns\"}]},{\"@type\":\"WebSite\",\"@id\":\"https:\\\/\\\/erconsult.eu\\\/#website\",\"url\":\"https:\\\/\\\/erconsult.eu\\\/\",\"name\":\"ER-Consult\",\"description\":\"Dynamics 365 for Finance and SCM\",\"publisher\":{\"@id\":\"https:\\\/\\\/erconsult.eu\\\/#organization\"},\"potentialAction\":[{\"@type\":\"SearchAction\",\"target\":{\"@type\":\"EntryPoint\",\"urlTemplate\":\"https:\\\/\\\/erconsult.eu\\\/?s={search_term_string}\"},\"query-input\":{\"@type\":\"PropertyValueSpecification\",\"valueRequired\":true,\"valueName\":\"search_term_string\"}}],\"inLanguage\":\"de\"},{\"@type\":\"Organization\",\"@id\":\"https:\\\/\\\/erconsult.eu\\\/#organization\",\"name\":\"ER-Consult GmbH\",\"url\":\"https:\\\/\\\/erconsult.eu\\\/\",\"logo\":{\"@type\":\"ImageObject\",\"inLanguage\":\"de\",\"@id\":\"https:\\\/\\\/erconsult.eu\\\/#\\\/schema\\\/logo\\\/image\\\/\",\"url\":\"https:\\\/\\\/erconsult.eu\\\/wp-content\\\/uploads\\\/2021\\\/10\\\/ER.png\",\"contentUrl\":\"https:\\\/\\\/erconsult.eu\\\/wp-content\\\/uploads\\\/2021\\\/10\\\/ER.png\",\"width\":574,\"height\":512,\"caption\":\"ER-Consult GmbH\"},\"image\":{\"@id\":\"https:\\\/\\\/erconsult.eu\\\/#\\\/schema\\\/logo\\\/image\\\/\"},\"sameAs\":[\"https:\\\/\\\/www.linkedin.com\\\/company\\\/er-consult\"]}]}<\/script>\n<!-- \/ Yoast SEO plugin. -->","yoast_head_json":{"title":"Uber Uns - ER-Consult","robots":{"index":"index","follow":"follow","max-snippet":"max-snippet:-1","max-image-preview":"max-image-preview:large","max-video-preview":"max-video-preview:-1"},"canonical":"https:\/\/erconsult.eu\/de\/ueber-uns\/","og_locale":"de_DE","og_type":"article","og_title":"Uber Uns - ER-Consult","og_description":"Wer wir sind Eugen Ich verf\u00fcge \u00fcber 20-j\u00e4hrige Erfahrung im Umfeld der ERP-Systeme als Solution Architekt, Presales- und Implementierungsberater, Anwendungsentwickler. Seit 9 Jahren arbeite ich exklusiv mit dem cloudbasierenten System Dynamics 365 for Finance and SCM v. 7-8-10, automatisiere Gesch\u00e4ftsabl\u00e4ufe in der Projektverwaltung und -Verrechnung, in der Produktion und Lagerverwaltung. Meine [&hellip;]","og_url":"https:\/\/erconsult.eu\/de\/ueber-uns\/","og_site_name":"ER-Consult","article_modified_time":"2026-01-28T18:31:45+00:00","og_image":[{"width":1671,"height":1254,"url":"https:\/\/erconsult.eu\/wp-content\/uploads\/2021\/10\/Glasow_front.jpg","type":"image\/jpeg"}],"twitter_card":"summary_large_image","twitter_misc":{"Gesch\u00e4tzte Lesezeit":"1\u00a0Minute"},"schema":{"@context":"https:\/\/schema.org","@graph":[{"@type":"WebPage","@id":"https:\/\/erconsult.eu\/de\/ueber-uns\/","url":"https:\/\/erconsult.eu\/de\/ueber-uns\/","name":"Uber Uns - ER-Consult","isPartOf":{"@id":"https:\/\/erconsult.eu\/#website"},"primaryImageOfPage":{"@id":"https:\/\/erconsult.eu\/de\/ueber-uns\/#primaryimage"},"image":{"@id":"https:\/\/erconsult.eu\/de\/ueber-uns\/#primaryimage"},"thumbnailUrl":"https:\/\/erconsult.eu\/wp-content\/uploads\/2021\/10\/Glasow_front-1024x768.jpg","datePublished":"2021-10-13T06:13:19+00:00","dateModified":"2026-01-28T18:31:45+00:00","breadcrumb":{"@id":"https:\/\/erconsult.eu\/de\/ueber-uns\/#breadcrumb"},"inLanguage":"de","potentialAction":[{"@type":"ReadAction","target":["https:\/\/erconsult.eu\/de\/ueber-uns\/"]}]},{"@type":"ImageObject","inLanguage":"de","@id":"https:\/\/erconsult.eu\/de\/ueber-uns\/#primaryimage","url":"https:\/\/erconsult.eu\/wp-content\/uploads\/2021\/10\/Glasow_front-1024x768.jpg","contentUrl":"https:\/\/erconsult.eu\/wp-content\/uploads\/2021\/10\/Glasow_front-1024x768.jpg"},{"@type":"BreadcrumbList","@id":"https:\/\/erconsult.eu\/de\/ueber-uns\/#breadcrumb","itemListElement":[{"@type":"ListItem","position":1,"name":"Home","item":"https:\/\/erconsult.eu\/"},{"@type":"ListItem","position":2,"name":"Uber Uns"}]},{"@type":"WebSite","@id":"https:\/\/erconsult.eu\/#website","url":"https:\/\/erconsult.eu\/","name":"ER-Consult","description":"Dynamics 365 for Finance and SCM","publisher":{"@id":"https:\/\/erconsult.eu\/#organization"},"potentialAction":[{"@type":"SearchAction","target":{"@type":"EntryPoint","urlTemplate":"https:\/\/erconsult.eu\/?s={search_term_string}"},"query-input":{"@type":"PropertyValueSpecification","valueRequired":true,"valueName":"search_term_string"}}],"inLanguage":"de"},{"@type":"Organization","@id":"https:\/\/erconsult.eu\/#organization","name":"ER-Consult GmbH","url":"https:\/\/erconsult.eu\/","logo":{"@type":"ImageObject","inLanguage":"de","@id":"https:\/\/erconsult.eu\/#\/schema\/logo\/image\/","url":"https:\/\/erconsult.eu\/wp-content\/uploads\/2021\/10\/ER.png","contentUrl":"https:\/\/erconsult.eu\/wp-content\/uploads\/2021\/10\/ER.png","width":574,"height":512,"caption":"ER-Consult GmbH"},"image":{"@id":"https:\/\/erconsult.eu\/#\/schema\/logo\/image\/"},"sameAs":["https:\/\/www.linkedin.com\/company\/er-consult"]}]}},"_links":{"self":[{"href":"https:\/\/erconsult.eu\/de\/wp-json\/wp\/v2\/pages\/2504","targetHints":{"allow":["GET"]}}],"collection":[{"href":"https:\/\/erconsult.eu\/de\/wp-json\/wp\/v2\/pages"}],"about":[{"href":"https:\/\/erconsult.eu\/de\/wp-json\/wp\/v2\/types\/page"}],"author":[{"embeddable":true,"href":"https:\/\/erconsult.eu\/de\/wp-json\/wp\/v2\/users\/2"}],"replies":[{"embeddable":true,"href":"https:\/\/erconsult.eu\/de\/wp-json\/wp\/v2\/comments?post=2504"}],"version-history":[{"count":63,"href":"https:\/\/erconsult.eu\/de\/wp-json\/wp\/v2\/pages\/2504\/revisions"}],"predecessor-version":[{"id":10302,"href":"https:\/\/erconsult.eu\/de\/wp-json\/wp\/v2\/pages\/2504\/revisions\/10302"}],"wp:attachment":[{"href":"https:\/\/erconsult.eu\/de\/wp-json\/wp\/v2\/media?parent=2504"}],"curies":[{"name":"wp","href":"https:\/\/api.w.org\/{rel}","templated":true}]}}