{"id":2546,"date":"2021-10-13T13:22:17","date_gmt":"2021-10-13T13:22:17","guid":{"rendered":"https:\/\/erconsult.eu\/?page_id=2546"},"modified":"2025-07-15T14:59:51","modified_gmt":"2025-07-15T13:59:51","slug":"blog","status":"publish","type":"page","link":"https:\/\/erconsult.eu\/de\/blog\/","title":{"rendered":"Blog"},"content":{"rendered":"\t\t<div data-elementor-type=\"wp-page\" data-elementor-id=\"2546\" class=\"elementor elementor-2546\" data-elementor-post-type=\"page\">\n\t\t\t\t\t\t<section class=\"elementor-section elementor-top-section elementor-element elementor-element-c448d82 elementor-section-boxed elementor-section-height-default elementor-section-height-default\" data-id=\"c448d82\" data-element_type=\"section\" data-e-type=\"section\">\n\t\t\t\t\t\t<div class=\"elementor-container elementor-column-gap-extended\">\n\t\t\t\t\t<div class=\"elementor-column elementor-col-100 elementor-top-column elementor-element elementor-element-25cfa62\" data-id=\"25cfa62\" data-element_type=\"column\" data-e-type=\"column\">\n\t\t\t<div class=\"elementor-widget-wrap elementor-element-populated\">\n\t\t\t\t\t\t<div class=\"elementor-element elementor-element-d72e039 elementor-grid-3 elementor-grid-tablet-2 elementor-grid-mobile-1 elementor-posts--thumbnail-top elementor-card-shadow-yes elementor-posts__hover-gradient elementor-widget elementor-widget-posts\" data-id=\"d72e039\" data-element_type=\"widget\" data-e-type=\"widget\" data-settings=\"{&quot;pagination_type&quot;:&quot;numbers_and_prev_next&quot;,&quot;cards_columns&quot;:&quot;3&quot;,&quot;cards_columns_tablet&quot;:&quot;2&quot;,&quot;cards_columns_mobile&quot;:&quot;1&quot;,&quot;cards_row_gap&quot;:{&quot;unit&quot;:&quot;px&quot;,&quot;size&quot;:35,&quot;sizes&quot;:[]},&quot;cards_row_gap_tablet&quot;:{&quot;unit&quot;:&quot;px&quot;,&quot;size&quot;:&quot;&quot;,&quot;sizes&quot;:[]},&quot;cards_row_gap_mobile&quot;:{&quot;unit&quot;:&quot;px&quot;,&quot;size&quot;:&quot;&quot;,&quot;sizes&quot;:[]}}\" data-widget_type=\"posts.cards\">\n\t\t\t\t<div class=\"elementor-widget-container\">\n\t\t\t\t\t\t\t<div class=\"elementor-posts-container elementor-posts elementor-posts--skin-cards elementor-grid\" role=\"list\">\n\t\t\t\t<article class=\"elementor-post elementor-grid-item post-9438 post type-post status-publish format-standard has-post-thumbnail hentry category-unkategorisiert\" role=\"listitem\">\n\t\t\t<div class=\"elementor-post__card\">\n\t\t\t\t<a class=\"elementor-post__thumbnail__link\" href=\"https:\/\/erconsult.eu\/de\/blog\/microsoft-bizapps-deutschland-podcast\/\" tabindex=\"-1\" ><div class=\"elementor-post__thumbnail\"><img fetchpriority=\"high\" decoding=\"async\" width=\"300\" height=\"292\" src=\"https:\/\/erconsult.eu\/wp-content\/uploads\/2025\/03\/1741584607649-300x292.jpg\" class=\"attachment-medium size-medium wp-image-9439\" alt=\"Microsoft BizApps Deutschland Podcast\" srcset=\"https:\/\/erconsult.eu\/wp-content\/uploads\/2025\/03\/1741584607649-300x292.jpg 300w, https:\/\/erconsult.eu\/wp-content\/uploads\/2025\/03\/1741584607649-768x748.jpg 768w, https:\/\/erconsult.eu\/wp-content\/uploads\/2025\/03\/1741584607649.jpg 800w\" sizes=\"(max-width: 300px) 100vw, 300px\" \/><\/div><\/a>\n\t\t\t\t<div class=\"elementor-post__text\">\n\t\t\t\t<h3 class=\"elementor-post__title\">\n\t\t\t<a href=\"https:\/\/erconsult.eu\/de\/blog\/microsoft-bizapps-deutschland-podcast\/\" >\n\t\t\t\tMicrosoft BizApps Deutschland Podcast\t\t\t<\/a>\n\t\t<\/h3>\n\t\t\t\t<div class=\"elementor-post__excerpt\">\n\t\t\t<p>Im neuesten BizApps Deutschland podcast bei Microsoft werden neben Informationen und Erfahrungen aus verschiedensten Projekten, auch die Herausforderungen und die Vorteile der elektronischen Rechnungsstellung in Deutschland und Europa besprochen. Nat\u00fcrlich darf auch das Thema der k\u00fcnstlichen Intelligenz nicht zu kurz kommen und wir diskutieren die Auswirkungen der k\u00fcnstlichen Intelligenz auf verschiedene<\/p>\n\t\t<\/div>\n\t\t\n\t\t<a class=\"elementor-post__read-more\" href=\"https:\/\/erconsult.eu\/de\/blog\/microsoft-bizapps-deutschland-podcast\/\" aria-label=\"Mehr \u00fcber Microsoft BizApps Deutschland Podcast\" tabindex=\"-1\" >\n\t\t\tRead More \u00bb\t\t<\/a>\n\n\t\t\t\t<\/div>\n\t\t\t\t<div class=\"elementor-post__meta-data\">\n\t\t\t\t\t<span class=\"elementor-post-date\">\n\t\t\tM\u00e4rz 28, 2025\t\t<\/span>\n\t\t\t\t<span class=\"elementor-post-avatar\">\n\t\t\tKeine Kommentare\t\t<\/span>\n\t\t\t\t<\/div>\n\t\t\t\t\t<\/div>\n\t\t<\/article>\n\t\t\t\t<article class=\"elementor-post elementor-grid-item post-8886 post type-post status-publish format-standard has-post-thumbnail hentry category-electronic-reporting category-finance\" role=\"listitem\">\n\t\t\t<div class=\"elementor-post__card\">\n\t\t\t\t<a class=\"elementor-post__thumbnail__link\" href=\"https:\/\/erconsult.eu\/de\/blog\/z4-meldung-an-bundesbank-in-d365-for-finance\/\" tabindex=\"-1\" ><div class=\"elementor-post__thumbnail\"><img decoding=\"async\" width=\"300\" height=\"300\" src=\"https:\/\/erconsult.eu\/wp-content\/uploads\/2024\/09\/Z4-Meldung_AWV-300x300.png\" class=\"attachment-medium size-medium wp-image-8846\" alt=\"\" srcset=\"https:\/\/erconsult.eu\/wp-content\/uploads\/2024\/09\/Z4-Meldung_AWV-300x300.png 300w, https:\/\/erconsult.eu\/wp-content\/uploads\/2024\/09\/Z4-Meldung_AWV-150x150.png 150w, https:\/\/erconsult.eu\/wp-content\/uploads\/2024\/09\/Z4-Meldung_AWV-768x768.png 768w, https:\/\/erconsult.eu\/wp-content\/uploads\/2024\/09\/Z4-Meldung_AWV.png 1024w\" sizes=\"(max-width: 300px) 100vw, 300px\" \/><\/div><\/a>\n\t\t\t\t<div class=\"elementor-post__text\">\n\t\t\t\t<h3 class=\"elementor-post__title\">\n\t\t\t<a href=\"https:\/\/erconsult.eu\/de\/blog\/z4-meldung-an-bundesbank-in-d365-for-finance\/\" >\n\t\t\t\tZ4-Meldung an Bundesbank in D365 for Finance\t\t\t<\/a>\n\t\t<\/h3>\n\t\t\t\t<div class=\"elementor-post__excerpt\">\n\t\t\t<p>Laden Sie unsere Konfiguration f\u00fcr die elektronische Berichterstattung des Z4-Reports in Dynamics 365 for Finance herunter, um den Z4-Meldungsprozess f\u00fcr regul\u00e4re Zahlungstransaktionen (DIKAPPOSTEN) zu automatisieren.<\/p> <p>Der Z4-Report (AWV) ist ein Finanzbericht, den deutsche Unternehmen der Deutschen Bundesbank f\u00fcr grenz\u00fcberschreitende Finanztransaktionen \u00fcber 12.500 \u20ac vorlegen m\u00fcssen, einschlie\u00dflich Zahlungen innerhalb und au\u00dferhalb\t\t<\/div>\n\t\t\n\t\t<a class=\"elementor-post__read-more\" href=\"https:\/\/erconsult.eu\/de\/blog\/z4-meldung-an-bundesbank-in-d365-for-finance\/\" aria-label=\"Mehr \u00fcber Z4-Meldung an Bundesbank in D365 for Finance\" tabindex=\"-1\" >\n\t\t\tRead More \u00bb\t\t<\/a>\n\n\t\t\t\t<\/div>\n\t\t\t\t<div class=\"elementor-post__meta-data\">\n\t\t\t\t\t<span class=\"elementor-post-date\">\n\t\t\tSeptember 28, 2024\t\t<\/span>\n\t\t\t\t<span class=\"elementor-post-avatar\">\n\t\t\tEin Kommentar\t\t<\/span>\n\t\t\t\t<\/div>\n\t\t\t\t\t<\/div>\n\t\t<\/article>\n\t\t\t\t<article class=\"elementor-post elementor-grid-item post-8620 post type-post status-publish format-standard has-post-thumbnail hentry category-uncategorized\" role=\"listitem\">\n\t\t\t<div class=\"elementor-post__card\">\n\t\t\t\t<a class=\"elementor-post__thumbnail__link\" href=\"https:\/\/erconsult.eu\/de\/blog\/aktueller-stand-der-erechnung-in-d365-for-finance-deutschland\/\" tabindex=\"-1\" ><div class=\"elementor-post__thumbnail\"><img decoding=\"async\" width=\"300\" height=\"225\" src=\"https:\/\/erconsult.eu\/wp-content\/uploads\/2021\/10\/X8A7426-300x225.jpg\" class=\"attachment-medium size-medium wp-image-5108\" alt=\"\" srcset=\"https:\/\/erconsult.eu\/wp-content\/uploads\/2021\/10\/X8A7426-300x225.jpg 300w, https:\/\/erconsult.eu\/wp-content\/uploads\/2021\/10\/X8A7426-1024x768.jpg 1024w, https:\/\/erconsult.eu\/wp-content\/uploads\/2021\/10\/X8A7426-768x576.jpg 768w, https:\/\/erconsult.eu\/wp-content\/uploads\/2021\/10\/X8A7426-1536x1152.jpg 1536w, https:\/\/erconsult.eu\/wp-content\/uploads\/2021\/10\/X8A7426-2048x1536.jpg 2048w\" sizes=\"(max-width: 300px) 100vw, 300px\" \/><\/div><\/a>\n\t\t\t\t<div class=\"elementor-post__text\">\n\t\t\t\t<h3 class=\"elementor-post__title\">\n\t\t\t<a href=\"https:\/\/erconsult.eu\/de\/blog\/aktueller-stand-der-erechnung-in-d365-for-finance-deutschland\/\" >\n\t\t\t\tAktueller Stand der eRechnung in D365 for Finance (Deutschland)\t\t\t<\/a>\n\t\t<\/h3>\n\t\t\t\t<div class=\"elementor-post__excerpt\">\n\t\t\t<p>Microsoft hat f\u00fcr Deutschland ein Update in D365 Finance ver\u00f6ffentlicht, das den Import von elektronischen Rechnungen im \u201exRechnung\u201c-Format ab 2025 erm\u00f6glicht. Es unterst\u00fctzt jedoch nur das UBL-Schema, w\u00e4hrend ZUGFeRD-CII-Rechnungen au\u00dfen vor bleiben. ER-Consult hat eine L\u00f6sung, die beide Formate unterst\u00fctzt, insbesondere ZUGFeRD. Durch die Einf\u00fchrung von E-Rechnungen werden kostenpflichtige Add-ons\t\t<\/div>\n\t\t\n\t\t<a class=\"elementor-post__read-more\" href=\"https:\/\/erconsult.eu\/de\/blog\/aktueller-stand-der-erechnung-in-d365-for-finance-deutschland\/\" aria-label=\"Mehr \u00fcber Aktueller Stand der eRechnung in D365 for Finance (Deutschland)\" tabindex=\"-1\" >\n\t\t\tRead More \u00bb\t\t<\/a>\n\n\t\t\t\t<\/div>\n\t\t\t\t<div class=\"elementor-post__meta-data\">\n\t\t\t\t\t<span class=\"elementor-post-date\">\n\t\t\tSeptember 14, 2024\t\t<\/span>\n\t\t\t\t<span class=\"elementor-post-avatar\">\n\t\t\tKeine Kommentare\t\t<\/span>\n\t\t\t\t<\/div>\n\t\t\t\t\t<\/div>\n\t\t<\/article>\n\t\t\t\t<article class=\"elementor-post elementor-grid-item post-8416 post type-post status-publish format-standard has-post-thumbnail hentry category-unkategorisiert\" role=\"listitem\">\n\t\t\t<div class=\"elementor-post__card\">\n\t\t\t\t<a class=\"elementor-post__thumbnail__link\" href=\"https:\/\/erconsult.eu\/de\/blog\/wip-in-der-bilanz\/\" tabindex=\"-1\" ><div class=\"elementor-post__thumbnail\"><img loading=\"lazy\" decoding=\"async\" width=\"300\" height=\"58\" src=\"https:\/\/erconsult.eu\/wp-content\/uploads\/2024\/08\/WareinArbeit-TKonten-300x58.png\" class=\"attachment-medium size-medium wp-image-8427\" alt=\"\" srcset=\"https:\/\/erconsult.eu\/wp-content\/uploads\/2024\/08\/WareinArbeit-TKonten-300x58.png 300w, https:\/\/erconsult.eu\/wp-content\/uploads\/2024\/08\/WareinArbeit-TKonten-1024x198.png 1024w, https:\/\/erconsult.eu\/wp-content\/uploads\/2024\/08\/WareinArbeit-TKonten-768x148.png 768w, https:\/\/erconsult.eu\/wp-content\/uploads\/2024\/08\/WareinArbeit-TKonten-1536x297.png 1536w, https:\/\/erconsult.eu\/wp-content\/uploads\/2024\/08\/WareinArbeit-TKonten-2048x396.png 2048w\" sizes=\"(max-width: 300px) 100vw, 300px\" \/><\/div><\/a>\n\t\t\t\t<div class=\"elementor-post__text\">\n\t\t\t\t<h3 class=\"elementor-post__title\">\n\t\t\t<a href=\"https:\/\/erconsult.eu\/de\/blog\/wip-in-der-bilanz\/\" >\n\t\t\t\tWIP in der Bilanz\t\t\t<\/a>\n\t\t<\/h3>\n\t\t\t\t<div class=\"elementor-post__excerpt\">\n\t\t\t<p>WIP in der Bilanz Die Aufgabe in Dynamics 365 for Finance and SCM lautet: Abbildung der Ware in Arbeit (WIP) in der Bilanz bei [lang] laufenden Produktionsauftr\u00e4gen, wobei jede Bewegung auf einem Bilanzkonto (Bestand) mit einer G&amp;V-Buchung einhergehen soll (Bestandver\u00e4nderung). Der Verbrauch der Ware soll der WIP-Bestand aufbauen, die zwischenzeitliche [Teil-]Fertigmeldung<\/p>\n\t\t<\/div>\n\t\t\n\t\t<a class=\"elementor-post__read-more\" href=\"https:\/\/erconsult.eu\/de\/blog\/wip-in-der-bilanz\/\" aria-label=\"Mehr \u00fcber WIP in der Bilanz\" tabindex=\"-1\" >\n\t\t\tRead More \u00bb\t\t<\/a>\n\n\t\t\t\t<\/div>\n\t\t\t\t<div class=\"elementor-post__meta-data\">\n\t\t\t\t\t<span class=\"elementor-post-date\">\n\t\t\tAugust 12, 2024\t\t<\/span>\n\t\t\t\t<span class=\"elementor-post-avatar\">\n\t\t\tKeine Kommentare\t\t<\/span>\n\t\t\t\t<\/div>\n\t\t\t\t\t<\/div>\n\t\t<\/article>\n\t\t\t\t<article class=\"elementor-post elementor-grid-item post-8075 post type-post status-publish format-standard has-post-thumbnail hentry category-umsatzsteuer category-vat-de-2\" role=\"listitem\">\n\t\t\t<div class=\"elementor-post__card\">\n\t\t\t\t<a class=\"elementor-post__thumbnail__link\" href=\"https:\/\/erconsult.eu\/de\/blog\/annual-sales-tax-report-umsatzsteuererklaerung-in-d365\/\" tabindex=\"-1\" ><div class=\"elementor-post__thumbnail\"><img loading=\"lazy\" decoding=\"async\" width=\"300\" height=\"220\" src=\"https:\/\/erconsult.eu\/wp-content\/uploads\/2024\/01\/UVA-merge-XSLT-300x220.png\" class=\"attachment-medium size-medium wp-image-8076\" alt=\"Transformation der monatlichen UVA zu einer Jahreserkl\u00e4rung\" srcset=\"https:\/\/erconsult.eu\/wp-content\/uploads\/2024\/01\/UVA-merge-XSLT-300x220.png 300w, https:\/\/erconsult.eu\/wp-content\/uploads\/2024\/01\/UVA-merge-XSLT-1024x750.png 1024w, https:\/\/erconsult.eu\/wp-content\/uploads\/2024\/01\/UVA-merge-XSLT-768x563.png 768w, https:\/\/erconsult.eu\/wp-content\/uploads\/2024\/01\/UVA-merge-XSLT.png 1215w\" sizes=\"(max-width: 300px) 100vw, 300px\" \/><\/div><\/a>\n\t\t\t\t<div class=\"elementor-post__text\">\n\t\t\t\t<h3 class=\"elementor-post__title\">\n\t\t\t<a href=\"https:\/\/erconsult.eu\/de\/blog\/annual-sales-tax-report-umsatzsteuererklaerung-in-d365\/\" >\n\t\t\t\tAnnual Sales Tax Report \/ Umsatzsteuererkl\u00e4rung in D365\t\t\t<\/a>\n\t\t<\/h3>\n\t\t\t\t<div class=\"elementor-post__excerpt\">\n\t\t\t<p>German Annual Sales Tax Report \/ Umsatzsteuererkl\u00e4rung Mir ist vor kurzem die Idee German Annual Sales Tax Report von Dr. Ludwig Reinhard aufgefallen. Ich darf berichten, dass die entsprechenden Unterlagen auch im D365-Standard vorbereitet werden k\u00f6nnen. Umsatzsteuererkl\u00e4rung USt 2A im Excel-Format Seit Menschengedenken gab es in Dynamics AX eine U1-Umsatzsteuererkl\u00e4rung im<\/p>\n\t\t<\/div>\n\t\t\n\t\t<a class=\"elementor-post__read-more\" href=\"https:\/\/erconsult.eu\/de\/blog\/annual-sales-tax-report-umsatzsteuererklaerung-in-d365\/\" aria-label=\"Mehr \u00fcber Annual Sales Tax Report \/ Umsatzsteuererkl\u00e4rung in D365\" tabindex=\"-1\" >\n\t\t\tRead More \u00bb\t\t<\/a>\n\n\t\t\t\t<\/div>\n\t\t\t\t<div class=\"elementor-post__meta-data\">\n\t\t\t\t\t<span class=\"elementor-post-date\">\n\t\t\tJanuar 23, 2024\t\t<\/span>\n\t\t\t\t<span class=\"elementor-post-avatar\">\n\t\t\tKeine Kommentare\t\t<\/span>\n\t\t\t\t<\/div>\n\t\t\t\t\t<\/div>\n\t\t<\/article>\n\t\t\t\t<article class=\"elementor-post elementor-grid-item post-7181 post type-post status-publish format-standard has-post-thumbnail hentry category-project-management-and-accounting-de category-umsatzsteuer category-vat-de-2\" role=\"listitem\">\n\t\t\t<div class=\"elementor-post__card\">\n\t\t\t\t<a class=\"elementor-post__thumbnail__link\" href=\"https:\/\/erconsult.eu\/de\/blog\/anzahlungsrechnungen-teil-und-schlussrechnungen-bei-fixpreisprojekten-in-d365\/\" tabindex=\"-1\" ><div class=\"elementor-post__thumbnail\"><img loading=\"lazy\" decoding=\"async\" width=\"300\" height=\"200\" src=\"https:\/\/erconsult.eu\/wp-content\/uploads\/2022\/09\/Anzahlungsrechnungen-300x200.png\" class=\"attachment-medium size-medium wp-image-7146\" alt=\"Anzahlungsrechnungen\" srcset=\"https:\/\/erconsult.eu\/wp-content\/uploads\/2022\/09\/Anzahlungsrechnungen-300x200.png 300w, https:\/\/erconsult.eu\/wp-content\/uploads\/2022\/09\/Anzahlungsrechnungen-1024x681.png 1024w, https:\/\/erconsult.eu\/wp-content\/uploads\/2022\/09\/Anzahlungsrechnungen-768x511.png 768w, https:\/\/erconsult.eu\/wp-content\/uploads\/2022\/09\/Anzahlungsrechnungen-370x247.png 370w, https:\/\/erconsult.eu\/wp-content\/uploads\/2022\/09\/Anzahlungsrechnungen.png 1060w\" sizes=\"(max-width: 300px) 100vw, 300px\" \/><\/div><\/a>\n\t\t\t\t<div class=\"elementor-post__text\">\n\t\t\t\t<h3 class=\"elementor-post__title\">\n\t\t\t<a href=\"https:\/\/erconsult.eu\/de\/blog\/anzahlungsrechnungen-teil-und-schlussrechnungen-bei-fixpreisprojekten-in-d365\/\" >\n\t\t\t\tAnzahlungsrechnungen, Teil- und Schlussrechnungen bei Fixpreisprojekten in D365\t\t\t<\/a>\n\t\t<\/h3>\n\t\t\t\t<div class=\"elementor-post__excerpt\">\n\t\t\t<p>Ingenieur- und Bauprojekte werden meist zum Festpreis angeboten und erfordern fast immer eine Anzahlung vom Auftraggeber. In Dynamics 365 for Finance wird daf\u00fcr ein Festpreisprojekt eingesetzt. Zahlungen werden mit Akontobuchungen abgebildet, auch \u201eZahlungsmeilensteine\u201c genannt. Unsere Buchhalter m\u00f6chten die Anzahlungsrechnung in der Bilanz (Passiv) und die Teil- oder Schlussrechnung in der\t\t<\/div>\n\t\t\n\t\t<a class=\"elementor-post__read-more\" href=\"https:\/\/erconsult.eu\/de\/blog\/anzahlungsrechnungen-teil-und-schlussrechnungen-bei-fixpreisprojekten-in-d365\/\" aria-label=\"Mehr \u00fcber Anzahlungsrechnungen, Teil- und Schlussrechnungen bei Fixpreisprojekten in D365\" tabindex=\"-1\" >\n\t\t\tRead More \u00bb\t\t<\/a>\n\n\t\t\t\t<\/div>\n\t\t\t\t<div class=\"elementor-post__meta-data\">\n\t\t\t\t\t<span class=\"elementor-post-date\">\n\t\t\tSeptember 13, 2022\t\t<\/span>\n\t\t\t\t<span class=\"elementor-post-avatar\">\n\t\t\tKeine Kommentare\t\t<\/span>\n\t\t\t\t<\/div>\n\t\t\t\t\t<\/div>\n\t\t<\/article>\n\t\t\t\t<\/div>\n\t\t\n\t\t\t\t<div class=\"e-load-more-anchor\" data-page=\"1\" data-max-page=\"2\" data-next-page=\"https:\/\/erconsult.eu\/de\/wp-json\/wp\/v2\/pages\/2546\/page\/2\/\"><\/div>\n\t\t\t\t<nav class=\"elementor-pagination\" aria-label=\"Seitennummerierung\">\n\t\t\t<span class=\"page-numbers prev\">&laquo; Previous<\/span>\n<span aria-current=\"page\" class=\"page-numbers current\"><span class=\"elementor-screen-only\">Seite<\/span>1<\/span>\n<a class=\"page-numbers\" href=\"https:\/\/erconsult.eu\/de\/wp-json\/wp\/v2\/pages\/2546\/page\/2\/\"><span class=\"elementor-screen-only\">Seite<\/span>2<\/a>\n<a class=\"page-numbers next\" href=\"https:\/\/erconsult.eu\/de\/wp-json\/wp\/v2\/pages\/2546\/page\/2\/\">Next &raquo;<\/a>\t\t<\/nav>\n\t\t\t\t\t\t<\/div>\n\t\t\t\t<\/div>\n\t\t\t\t\t<\/div>\n\t\t<\/div>\n\t\t\t\t\t<\/div>\n\t\t<\/section>\n\t\t\t\t<\/div>\n\t\t","protected":false},"excerpt":{"rendered":"","protected":false},"author":2,"featured_media":0,"parent":0,"menu_order":0,"comment_status":"closed","ping_status":"closed","template":"elementor_header_footer","meta":{"footnotes":""},"class_list":["post-2546","page","type-page","status-publish","hentry"],"yoast_head":"<!-- This site is optimized with the Yoast SEO plugin v27.4 - https:\/\/yoast.com\/product\/yoast-seo-wordpress\/ -->\n<title>Blog - ER-Consult<\/title>\n<meta name=\"robots\" content=\"index, follow, max-snippet:-1, max-image-preview:large, max-video-preview:-1\" \/>\n<link rel=\"canonical\" href=\"https:\/\/erconsult.eu\/de\/blog\/\" \/>\n<meta property=\"og:locale\" content=\"de_DE\" \/>\n<meta property=\"og:type\" content=\"article\" \/>\n<meta property=\"og:title\" content=\"Blog - ER-Consult\" \/>\n<meta property=\"og:url\" content=\"https:\/\/erconsult.eu\/de\/blog\/\" \/>\n<meta property=\"og:site_name\" content=\"ER-Consult\" \/>\n<meta property=\"article:modified_time\" content=\"2025-07-15T13:59:51+00:00\" \/>\n<meta name=\"twitter:card\" content=\"summary_large_image\" \/>\n<script type=\"application\/ld+json\" class=\"yoast-schema-graph\">{\"@context\":\"https:\\\/\\\/schema.org\",\"@graph\":[{\"@type\":\"WebPage\",\"@id\":\"https:\\\/\\\/erconsult.eu\\\/de\\\/blog\\\/\",\"url\":\"https:\\\/\\\/erconsult.eu\\\/de\\\/blog\\\/\",\"name\":\"Blog - ER-Consult\",\"isPartOf\":{\"@id\":\"https:\\\/\\\/erconsult.eu\\\/#website\"},\"datePublished\":\"2021-10-13T13:22:17+00:00\",\"dateModified\":\"2025-07-15T13:59:51+00:00\",\"breadcrumb\":{\"@id\":\"https:\\\/\\\/erconsult.eu\\\/de\\\/blog\\\/#breadcrumb\"},\"inLanguage\":\"de\",\"potentialAction\":[{\"@type\":\"ReadAction\",\"target\":[\"https:\\\/\\\/erconsult.eu\\\/de\\\/blog\\\/\"]}]},{\"@type\":\"BreadcrumbList\",\"@id\":\"https:\\\/\\\/erconsult.eu\\\/de\\\/blog\\\/#breadcrumb\",\"itemListElement\":[{\"@type\":\"ListItem\",\"position\":1,\"name\":\"Home\",\"item\":\"https:\\\/\\\/erconsult.eu\\\/\"},{\"@type\":\"ListItem\",\"position\":2,\"name\":\"Blog\"}]},{\"@type\":\"WebSite\",\"@id\":\"https:\\\/\\\/erconsult.eu\\\/#website\",\"url\":\"https:\\\/\\\/erconsult.eu\\\/\",\"name\":\"ER-Consult\",\"description\":\"Dynamics 365 for Finance and SCM\",\"publisher\":{\"@id\":\"https:\\\/\\\/erconsult.eu\\\/#organization\"},\"potentialAction\":[{\"@type\":\"SearchAction\",\"target\":{\"@type\":\"EntryPoint\",\"urlTemplate\":\"https:\\\/\\\/erconsult.eu\\\/?s={search_term_string}\"},\"query-input\":{\"@type\":\"PropertyValueSpecification\",\"valueRequired\":true,\"valueName\":\"search_term_string\"}}],\"inLanguage\":\"de\"},{\"@type\":\"Organization\",\"@id\":\"https:\\\/\\\/erconsult.eu\\\/#organization\",\"name\":\"ER-Consult GmbH\",\"url\":\"https:\\\/\\\/erconsult.eu\\\/\",\"logo\":{\"@type\":\"ImageObject\",\"inLanguage\":\"de\",\"@id\":\"https:\\\/\\\/erconsult.eu\\\/#\\\/schema\\\/logo\\\/image\\\/\",\"url\":\"https:\\\/\\\/erconsult.eu\\\/wp-content\\\/uploads\\\/2021\\\/10\\\/ER.png\",\"contentUrl\":\"https:\\\/\\\/erconsult.eu\\\/wp-content\\\/uploads\\\/2021\\\/10\\\/ER.png\",\"width\":574,\"height\":512,\"caption\":\"ER-Consult GmbH\"},\"image\":{\"@id\":\"https:\\\/\\\/erconsult.eu\\\/#\\\/schema\\\/logo\\\/image\\\/\"},\"sameAs\":[\"https:\\\/\\\/www.linkedin.com\\\/company\\\/er-consult\"]}]}<\/script>\n<!-- \/ Yoast SEO plugin. -->","yoast_head_json":{"title":"Blog - ER-Consult","robots":{"index":"index","follow":"follow","max-snippet":"max-snippet:-1","max-image-preview":"max-image-preview:large","max-video-preview":"max-video-preview:-1"},"canonical":"https:\/\/erconsult.eu\/de\/blog\/","og_locale":"de_DE","og_type":"article","og_title":"Blog - ER-Consult","og_url":"https:\/\/erconsult.eu\/de\/blog\/","og_site_name":"ER-Consult","article_modified_time":"2025-07-15T13:59:51+00:00","twitter_card":"summary_large_image","schema":{"@context":"https:\/\/schema.org","@graph":[{"@type":"WebPage","@id":"https:\/\/erconsult.eu\/de\/blog\/","url":"https:\/\/erconsult.eu\/de\/blog\/","name":"Blog - ER-Consult","isPartOf":{"@id":"https:\/\/erconsult.eu\/#website"},"datePublished":"2021-10-13T13:22:17+00:00","dateModified":"2025-07-15T13:59:51+00:00","breadcrumb":{"@id":"https:\/\/erconsult.eu\/de\/blog\/#breadcrumb"},"inLanguage":"de","potentialAction":[{"@type":"ReadAction","target":["https:\/\/erconsult.eu\/de\/blog\/"]}]},{"@type":"BreadcrumbList","@id":"https:\/\/erconsult.eu\/de\/blog\/#breadcrumb","itemListElement":[{"@type":"ListItem","position":1,"name":"Home","item":"https:\/\/erconsult.eu\/"},{"@type":"ListItem","position":2,"name":"Blog"}]},{"@type":"WebSite","@id":"https:\/\/erconsult.eu\/#website","url":"https:\/\/erconsult.eu\/","name":"ER-Consult","description":"Dynamics 365 for Finance and SCM","publisher":{"@id":"https:\/\/erconsult.eu\/#organization"},"potentialAction":[{"@type":"SearchAction","target":{"@type":"EntryPoint","urlTemplate":"https:\/\/erconsult.eu\/?s={search_term_string}"},"query-input":{"@type":"PropertyValueSpecification","valueRequired":true,"valueName":"search_term_string"}}],"inLanguage":"de"},{"@type":"Organization","@id":"https:\/\/erconsult.eu\/#organization","name":"ER-Consult GmbH","url":"https:\/\/erconsult.eu\/","logo":{"@type":"ImageObject","inLanguage":"de","@id":"https:\/\/erconsult.eu\/#\/schema\/logo\/image\/","url":"https:\/\/erconsult.eu\/wp-content\/uploads\/2021\/10\/ER.png","contentUrl":"https:\/\/erconsult.eu\/wp-content\/uploads\/2021\/10\/ER.png","width":574,"height":512,"caption":"ER-Consult GmbH"},"image":{"@id":"https:\/\/erconsult.eu\/#\/schema\/logo\/image\/"},"sameAs":["https:\/\/www.linkedin.com\/company\/er-consult"]}]}},"_links":{"self":[{"href":"https:\/\/erconsult.eu\/de\/wp-json\/wp\/v2\/pages\/2546","targetHints":{"allow":["GET"]}}],"collection":[{"href":"https:\/\/erconsult.eu\/de\/wp-json\/wp\/v2\/pages"}],"about":[{"href":"https:\/\/erconsult.eu\/de\/wp-json\/wp\/v2\/types\/page"}],"author":[{"embeddable":true,"href":"https:\/\/erconsult.eu\/de\/wp-json\/wp\/v2\/users\/2"}],"replies":[{"embeddable":true,"href":"https:\/\/erconsult.eu\/de\/wp-json\/wp\/v2\/comments?post=2546"}],"version-history":[{"count":13,"href":"https:\/\/erconsult.eu\/de\/wp-json\/wp\/v2\/pages\/2546\/revisions"}],"predecessor-version":[{"id":9725,"href":"https:\/\/erconsult.eu\/de\/wp-json\/wp\/v2\/pages\/2546\/revisions\/9725"}],"wp:attachment":[{"href":"https:\/\/erconsult.eu\/de\/wp-json\/wp\/v2\/media?parent=2546"}],"curies":[{"name":"wp","href":"https:\/\/api.w.org\/{rel}","templated":true}]}}