{"id":7757,"date":"2023-08-08T08:28:54","date_gmt":"2023-08-08T07:28:54","guid":{"rendered":"https:\/\/erconsult.eu\/?page_id=7757"},"modified":"2023-08-08T08:41:06","modified_gmt":"2023-08-08T07:41:06","slug":"datenschutz","status":"publish","type":"page","link":"https:\/\/erconsult.eu\/de\/datenschutz\/","title":{"rendered":"Datenschutz"},"content":{"rendered":"\t\t<div data-elementor-type=\"wp-page\" data-elementor-id=\"7757\" class=\"elementor elementor-7757\" data-elementor-post-type=\"page\">\n\t\t\t\t\t\t<section class=\"elementor-section elementor-top-section elementor-element elementor-element-1e18033 elementor-section-height-min-height elementor-section-boxed elementor-section-height-default elementor-section-items-middle\" data-id=\"1e18033\" data-element_type=\"section\" data-e-type=\"section\" data-settings=\"{&quot;background_background&quot;:&quot;classic&quot;}\">\n\t\t\t\t\t\t\t<div class=\"elementor-background-overlay\"><\/div>\n\t\t\t\t\t\t\t<div class=\"elementor-container elementor-column-gap-default\">\n\t\t\t\t\t<div class=\"elementor-column elementor-col-100 elementor-top-column elementor-element elementor-element-e72a285\" data-id=\"e72a285\" data-element_type=\"column\" data-e-type=\"column\">\n\t\t\t<div class=\"elementor-widget-wrap elementor-element-populated\">\n\t\t\t\t\t\t<div class=\"elementor-element elementor-element-3de0fbd elementor-widget elementor-widget-heading\" data-id=\"3de0fbd\" data-element_type=\"widget\" data-e-type=\"widget\" data-widget_type=\"heading.default\">\n\t\t\t\t<div class=\"elementor-widget-container\">\n\t\t\t\t\t<h1 class=\"elementor-heading-title elementor-size-default\">Datenschutz<\/h1>\t\t\t\t<\/div>\n\t\t\t\t<\/div>\n\t\t\t\t<div class=\"elementor-element elementor-element-99b951f elementor-widget-divider--view-line elementor-widget elementor-widget-divider\" data-id=\"99b951f\" data-element_type=\"widget\" data-e-type=\"widget\" data-widget_type=\"divider.default\">\n\t\t\t\t<div class=\"elementor-widget-container\">\n\t\t\t\t\t\t\t<div class=\"elementor-divider\">\n\t\t\t<span class=\"elementor-divider-separator\">\n\t\t\t\t\t\t<\/span>\n\t\t<\/div>\n\t\t\t\t\t\t<\/div>\n\t\t\t\t<\/div>\n\t\t\t\t\t<\/div>\n\t\t<\/div>\n\t\t\t\t\t<\/div>\n\t\t<\/section>\n\t\t\t\t<section class=\"elementor-section elementor-top-section elementor-element elementor-element-a40a57c elementor-section-boxed elementor-section-height-default elementor-section-height-default\" data-id=\"a40a57c\" data-element_type=\"section\" data-e-type=\"section\">\n\t\t\t\t\t\t<div class=\"elementor-container elementor-column-gap-default\">\n\t\t\t\t\t<div class=\"elementor-column elementor-col-100 elementor-top-column elementor-element elementor-element-3ffe622\" data-id=\"3ffe622\" data-element_type=\"column\" data-e-type=\"column\">\n\t\t\t<div class=\"elementor-widget-wrap elementor-element-populated\">\n\t\t\t\t\t\t<div class=\"elementor-element elementor-element-d6647a8 elementor-widget elementor-widget-text-editor\" data-id=\"d6647a8\" data-element_type=\"widget\" data-e-type=\"widget\" data-widget_type=\"text-editor.default\">\n\t\t\t\t<div class=\"elementor-widget-container\">\n\t\t\t\t\t\t\t\t\t<p>Der Schutz Ihrer Daten ist uns ein besonderes Anliegen. Wir verarbeiten Ihre Daten daher ausschlie\u00dflich auf Grundlage der gesetzlichen Bestimmungen (DSGVO, TKG). In diesen Datenschutzinformationen informieren wir Sie \u00fcber die wichtigsten Aspekte der Datenverarbeitung im Rahmen unserer Website. Wenn Sie einen Blogkommentar hinterlassen, wird Ihre E-Mail-Adresse erfasst, zudem wird Ihre IP-Adresse, und der Zeitpunkt gespeichert. Dies ist zur Anzeige und Beantwortung des Kommentars erforderlich und stellt damit ein berechtigtes Interesse i.S.v. Art 6 Abs 1 lit f DSGVO dar. Soweit im Folgenden nichts anderes geregelt wird, werden diese Daten von uns nicht weiterverarbeitet, diese Daten werden nicht an Dritte weitergegeben.<\/p><p>Wenn Sie per Formular auf der Website, oder per E-Mail-Kontakt mit uns aufnehmen, werden die von Ihnen bereit gestellten Daten sind zur Vertragserf\u00fcllung bzw. zur Durchf\u00fchrung vorvertraglicher Ma\u00dfnahmen erforderlich. Ohne diese Daten k\u00f6nnen wir den Vertrag mit Ihnen nicht abschlie\u00dfen. Im Falle eines Vertragsabschlusses werden s\u00e4mtliche Daten aus dem Vertragsverh\u00e4ltnis bis zum Ablauf der steuerrechtlichen Aufbewahrungsfrist (7 Jahre) gespeichert. Ihre Daten werden nicht an Dritte weitergegeben.<\/p><p>Ihnen stehen grunds\u00e4tzlich die Rechte auf Auskunft, Berichtigung, L\u00f6schung, Einschr\u00e4nkung, Daten\u00fcbertragbarkeit und Widerspruch zu. Daf\u00fcr wenden Sie sich an uns. Wenn Sie glauben, dass die Verarbeitung Ihrer Daten gegen das Datenschutzrecht verst\u00f6\u00dft oder Ihre datenschutzrechtlichen Anspr\u00fcche sonst in einer Weise verletzt worden sind, k\u00f6nnen Sie sich bei der Aufsichtsbeh\u00f6rde beschweren. In \u00d6sterreich ist die Datenschutzbeh\u00f6rde zust\u00e4ndig.<\/p><p>Sie erreichen uns unter folgenden Kontaktdaten: <a href=\"https:\/\/erconsult.eu\/de\/kontakt\/\">Kontakt<\/a><\/p>\t\t\t\t\t\t\t\t<\/div>\n\t\t\t\t<\/div>\n\t\t\t\t\t<\/div>\n\t\t<\/div>\n\t\t\t\t\t<\/div>\n\t\t<\/section>\n\t\t\t\t<\/div>\n\t\t","protected":false},"excerpt":{"rendered":"<p>Datenschutz Der Schutz Ihrer Daten ist uns ein besonderes Anliegen. Wir verarbeiten Ihre Daten daher ausschlie\u00dflich auf Grundlage der gesetzlichen Bestimmungen (DSGVO, TKG). In diesen Datenschutzinformationen informieren wir Sie \u00fcber die wichtigsten Aspekte der Datenverarbeitung im Rahmen unserer Website. Wenn Sie einen Blogkommentar hinterlassen, wird Ihre E-Mail-Adresse erfasst, zudem wird Ihre [&hellip;]<\/p>\n","protected":false},"author":3,"featured_media":0,"parent":0,"menu_order":0,"comment_status":"closed","ping_status":"closed","template":"elementor_header_footer","meta":{"footnotes":""},"class_list":["post-7757","page","type-page","status-publish","hentry"],"yoast_head":"<!-- This site is optimized with the Yoast SEO plugin v27.5 - https:\/\/yoast.com\/product\/yoast-seo-wordpress\/ -->\n<title>Datenschutz - ER-Consult<\/title>\n<meta name=\"robots\" content=\"index, follow, max-snippet:-1, max-image-preview:large, max-video-preview:-1\" \/>\n<link rel=\"canonical\" href=\"https:\/\/erconsult.eu\/de\/datenschutz\/\" \/>\n<meta property=\"og:locale\" content=\"de_DE\" \/>\n<meta property=\"og:type\" content=\"article\" \/>\n<meta property=\"og:title\" content=\"Datenschutz - ER-Consult\" \/>\n<meta property=\"og:description\" content=\"Datenschutz Der Schutz Ihrer Daten ist uns ein besonderes Anliegen. Wir verarbeiten Ihre Daten daher ausschlie\u00dflich auf Grundlage der gesetzlichen Bestimmungen (DSGVO, TKG). In diesen Datenschutzinformationen informieren wir Sie \u00fcber die wichtigsten Aspekte der Datenverarbeitung im Rahmen unserer Website. Wenn Sie einen Blogkommentar hinterlassen, wird Ihre E-Mail-Adresse erfasst, zudem wird Ihre [&hellip;]\" \/>\n<meta property=\"og:url\" content=\"https:\/\/erconsult.eu\/de\/datenschutz\/\" \/>\n<meta property=\"og:site_name\" content=\"ER-Consult\" \/>\n<meta property=\"article:modified_time\" content=\"2023-08-08T07:41:06+00:00\" \/>\n<meta name=\"twitter:card\" content=\"summary_large_image\" \/>\n<meta name=\"twitter:label1\" content=\"Gesch\u00e4tzte Lesezeit\" \/>\n\t<meta name=\"twitter:data1\" content=\"1\u00a0Minute\" \/>\n<script type=\"application\/ld+json\" class=\"yoast-schema-graph\">{\"@context\":\"https:\\\/\\\/schema.org\",\"@graph\":[{\"@type\":\"WebPage\",\"@id\":\"https:\\\/\\\/erconsult.eu\\\/de\\\/datenschutz\\\/\",\"url\":\"https:\\\/\\\/erconsult.eu\\\/de\\\/datenschutz\\\/\",\"name\":\"Datenschutz - ER-Consult\",\"isPartOf\":{\"@id\":\"https:\\\/\\\/erconsult.eu\\\/#website\"},\"datePublished\":\"2023-08-08T07:28:54+00:00\",\"dateModified\":\"2023-08-08T07:41:06+00:00\",\"breadcrumb\":{\"@id\":\"https:\\\/\\\/erconsult.eu\\\/de\\\/datenschutz\\\/#breadcrumb\"},\"inLanguage\":\"de\",\"potentialAction\":[{\"@type\":\"ReadAction\",\"target\":[\"https:\\\/\\\/erconsult.eu\\\/de\\\/datenschutz\\\/\"]}]},{\"@type\":\"BreadcrumbList\",\"@id\":\"https:\\\/\\\/erconsult.eu\\\/de\\\/datenschutz\\\/#breadcrumb\",\"itemListElement\":[{\"@type\":\"ListItem\",\"position\":1,\"name\":\"Home\",\"item\":\"https:\\\/\\\/erconsult.eu\\\/\"},{\"@type\":\"ListItem\",\"position\":2,\"name\":\"Datenschutz\"}]},{\"@type\":\"WebSite\",\"@id\":\"https:\\\/\\\/erconsult.eu\\\/#website\",\"url\":\"https:\\\/\\\/erconsult.eu\\\/\",\"name\":\"ER-Consult\",\"description\":\"Dynamics 365 for Finance and SCM\",\"publisher\":{\"@id\":\"https:\\\/\\\/erconsult.eu\\\/#organization\"},\"potentialAction\":[{\"@type\":\"SearchAction\",\"target\":{\"@type\":\"EntryPoint\",\"urlTemplate\":\"https:\\\/\\\/erconsult.eu\\\/?s={search_term_string}\"},\"query-input\":{\"@type\":\"PropertyValueSpecification\",\"valueRequired\":true,\"valueName\":\"search_term_string\"}}],\"inLanguage\":\"de\"},{\"@type\":\"Organization\",\"@id\":\"https:\\\/\\\/erconsult.eu\\\/#organization\",\"name\":\"ER-Consult GmbH\",\"url\":\"https:\\\/\\\/erconsult.eu\\\/\",\"logo\":{\"@type\":\"ImageObject\",\"inLanguage\":\"de\",\"@id\":\"https:\\\/\\\/erconsult.eu\\\/#\\\/schema\\\/logo\\\/image\\\/\",\"url\":\"https:\\\/\\\/erconsult.eu\\\/wp-content\\\/uploads\\\/2021\\\/10\\\/ER.png\",\"contentUrl\":\"https:\\\/\\\/erconsult.eu\\\/wp-content\\\/uploads\\\/2021\\\/10\\\/ER.png\",\"width\":574,\"height\":512,\"caption\":\"ER-Consult GmbH\"},\"image\":{\"@id\":\"https:\\\/\\\/erconsult.eu\\\/#\\\/schema\\\/logo\\\/image\\\/\"},\"sameAs\":[\"https:\\\/\\\/www.linkedin.com\\\/company\\\/er-consult\"]}]}<\/script>\n<!-- \/ Yoast SEO plugin. -->","yoast_head_json":{"title":"Datenschutz - ER-Consult","robots":{"index":"index","follow":"follow","max-snippet":"max-snippet:-1","max-image-preview":"max-image-preview:large","max-video-preview":"max-video-preview:-1"},"canonical":"https:\/\/erconsult.eu\/de\/datenschutz\/","og_locale":"de_DE","og_type":"article","og_title":"Datenschutz - ER-Consult","og_description":"Datenschutz Der Schutz Ihrer Daten ist uns ein besonderes Anliegen. Wir verarbeiten Ihre Daten daher ausschlie\u00dflich auf Grundlage der gesetzlichen Bestimmungen (DSGVO, TKG). In diesen Datenschutzinformationen informieren wir Sie \u00fcber die wichtigsten Aspekte der Datenverarbeitung im Rahmen unserer Website. Wenn Sie einen Blogkommentar hinterlassen, wird Ihre E-Mail-Adresse erfasst, zudem wird Ihre [&hellip;]","og_url":"https:\/\/erconsult.eu\/de\/datenschutz\/","og_site_name":"ER-Consult","article_modified_time":"2023-08-08T07:41:06+00:00","twitter_card":"summary_large_image","twitter_misc":{"Gesch\u00e4tzte Lesezeit":"1\u00a0Minute"},"schema":{"@context":"https:\/\/schema.org","@graph":[{"@type":"WebPage","@id":"https:\/\/erconsult.eu\/de\/datenschutz\/","url":"https:\/\/erconsult.eu\/de\/datenschutz\/","name":"Datenschutz - ER-Consult","isPartOf":{"@id":"https:\/\/erconsult.eu\/#website"},"datePublished":"2023-08-08T07:28:54+00:00","dateModified":"2023-08-08T07:41:06+00:00","breadcrumb":{"@id":"https:\/\/erconsult.eu\/de\/datenschutz\/#breadcrumb"},"inLanguage":"de","potentialAction":[{"@type":"ReadAction","target":["https:\/\/erconsult.eu\/de\/datenschutz\/"]}]},{"@type":"BreadcrumbList","@id":"https:\/\/erconsult.eu\/de\/datenschutz\/#breadcrumb","itemListElement":[{"@type":"ListItem","position":1,"name":"Home","item":"https:\/\/erconsult.eu\/"},{"@type":"ListItem","position":2,"name":"Datenschutz"}]},{"@type":"WebSite","@id":"https:\/\/erconsult.eu\/#website","url":"https:\/\/erconsult.eu\/","name":"ER-Consult","description":"Dynamics 365 for Finance and SCM","publisher":{"@id":"https:\/\/erconsult.eu\/#organization"},"potentialAction":[{"@type":"SearchAction","target":{"@type":"EntryPoint","urlTemplate":"https:\/\/erconsult.eu\/?s={search_term_string}"},"query-input":{"@type":"PropertyValueSpecification","valueRequired":true,"valueName":"search_term_string"}}],"inLanguage":"de"},{"@type":"Organization","@id":"https:\/\/erconsult.eu\/#organization","name":"ER-Consult GmbH","url":"https:\/\/erconsult.eu\/","logo":{"@type":"ImageObject","inLanguage":"de","@id":"https:\/\/erconsult.eu\/#\/schema\/logo\/image\/","url":"https:\/\/erconsult.eu\/wp-content\/uploads\/2021\/10\/ER.png","contentUrl":"https:\/\/erconsult.eu\/wp-content\/uploads\/2021\/10\/ER.png","width":574,"height":512,"caption":"ER-Consult GmbH"},"image":{"@id":"https:\/\/erconsult.eu\/#\/schema\/logo\/image\/"},"sameAs":["https:\/\/www.linkedin.com\/company\/er-consult"]}]}},"_links":{"self":[{"href":"https:\/\/erconsult.eu\/de\/wp-json\/wp\/v2\/pages\/7757","targetHints":{"allow":["GET"]}}],"collection":[{"href":"https:\/\/erconsult.eu\/de\/wp-json\/wp\/v2\/pages"}],"about":[{"href":"https:\/\/erconsult.eu\/de\/wp-json\/wp\/v2\/types\/page"}],"author":[{"embeddable":true,"href":"https:\/\/erconsult.eu\/de\/wp-json\/wp\/v2\/users\/3"}],"replies":[{"embeddable":true,"href":"https:\/\/erconsult.eu\/de\/wp-json\/wp\/v2\/comments?post=7757"}],"version-history":[{"count":10,"href":"https:\/\/erconsult.eu\/de\/wp-json\/wp\/v2\/pages\/7757\/revisions"}],"predecessor-version":[{"id":7790,"href":"https:\/\/erconsult.eu\/de\/wp-json\/wp\/v2\/pages\/7757\/revisions\/7790"}],"wp:attachment":[{"href":"https:\/\/erconsult.eu\/de\/wp-json\/wp\/v2\/media?parent=7757"}],"curies":[{"name":"wp","href":"https:\/\/api.w.org\/{rel}","templated":true}]}}